{"id":419,"date":"2023-05-05T10:16:20","date_gmt":"2023-05-05T08:16:20","guid":{"rendered":"https:\/\/staging.pontederamusicfestival.it\/?page_id=419"},"modified":"2023-07-05T10:44:34","modified_gmt":"2023-07-05T08:44:34","slug":"accademia-e-piaggio","status":"publish","type":"page","link":"https:\/\/staging.pontederamusicfestival.it\/?page_id=419","title":{"rendered":"Accademia e Piaggio"},"content":{"rendered":"<section class=\"l-section wpb_row us_custom_623ba360 height_auto width_full\"><div class=\"l-section-h i-cf\"><div class=\"g-cols vc_row via_grid cols_1 laptops-cols_inherit tablets-cols_inherit mobiles-cols_1 valign_top type_default stacking_default\"><div class=\"wpb_column vc_column_container\"><div class=\"vc_column-inner\"><div class=\"w-hwrapper us_custom_de808277 valign_middle align_right\" style=\"--hwrapper-gap:0.6rem\"><div class=\"w-text us_custom_a787d9f7 has_text_color\"><a href=\"https:\/\/www.museopiaggio.it\/eventi-ed-attivita\/2-spettacoli\/254-pontedera-music-festival-2023\" class=\"w-text-h\"><span class=\"w-text-value\">accesso alla biglietteria<\/span><\/a><\/div><div class=\"w-image us_custom_afbb72a9 align_none\"><div class=\"w-image-h\"><img decoding=\"async\" src=\"https:\/\/staging.pontederamusicfestival.it\/wp-content\/uploads\/2023\/04\/ticket-icon.svg\" class=\"attachment-full size-full\" alt=\"\" loading=\"lazy\" \/><\/div><\/div><\/div><\/div><\/div><\/div><\/div><\/section><section class=\"l-section wpb_row us_custom_2da5d502 height_huge\"><div class=\"l-section-h i-cf\"><div class=\"g-cols vc_row via_grid cols_1 laptops-cols_inherit tablets-cols_inherit mobiles-cols_1 valign_top type_default stacking_default\"><div class=\"wpb_column vc_column_container\"><div class=\"vc_column-inner\"><\/div><\/div><\/div><\/div><\/section><section class=\"l-section wpb_row us_custom_4fb9e5a3 violino height_large\"><div class=\"l-section-h i-cf\"><div class=\"g-cols vc_row via_grid cols_1 laptops-cols_inherit tablets-cols_inherit mobiles-cols_1 valign_top type_default stacking_default\"><div class=\"wpb_column vc_column_container\"><div class=\"vc_column-inner\"><h1 class=\"w-text us_custom_c3362d54 has_text_color\"><span class=\"w-text-h\"><span class=\"w-text-value\">Chi<br \/>\nSiamo.<\/span><\/span><\/h1><div class=\"g-cols wpb_row via_grid cols_2 laptops-cols_inherit tablets-cols_inherit mobiles-cols_1 valign_top type_default stacking_default\" style=\"--gap:3rem;\"><div class=\"wpb_column vc_column_container\"><div class=\"vc_column-inner\"><div class=\"wpb_text_column\"><div class=\"wpb_wrapper\"><p>Il <strong>Pontedera Music Festival<\/strong> nasce nel 2019 grazie ad una importante sinergia tra la <strong>Fondazione Piaggio<\/strong> e l\u2019<strong>Accademia Musicale Pontedera<\/strong>: due importanti realt\u00e0 culturali che offrono alla citt\u00e0 di Pontedera e alla Valdera eventi, concerti e manifestazioni imprescindibili per il pubblico locale nonch\u00e9 per il turismo proveniente da ogni parte del mondo. Fin dalla sua nascita all\u2019interno del cartellone trovano spazio proposte concertistiche di artisti di <strong>fama internazionale<\/strong>, assieme a quelle di musicisti di talento provenienti dal territorio e legati alle istituzioni musicali pi\u00f9 importanti della <strong>Toscana<\/strong>.<\/p>\n<\/div><\/div><\/div><\/div><div class=\"wpb_column vc_column_container\"><div class=\"vc_column-inner\"><div class=\"wpb_text_column\"><div class=\"wpb_wrapper\"><p>Il festival si sviluppa in due <strong class=\"giallo\">cartelloni annuali<\/strong>:<\/p>\n<p><strong class=\"giallo\">1.<\/strong> Quello <strong>invernale-primaverile<\/strong>, da gennaio a giugno, i cui concerti si svolgono nell\u2019Auditorium del Museo Piaggio, nell\u2019<strong>Auditorium \u201cMarco Papiani\u201d<\/strong> dell\u2019Accademia Musicale Pontedera e presso il <strong>Teatro ERA<\/strong><\/p>\n<p><strong class=\"giallo\">2.<\/strong> La <strong>summer edition<\/strong>, da luglio a settembre, per i cui concerti vengono allestite le location all\u2019aperto del piazzale Corradino d\u2019Ascanio, antistante il Museo Piaggio, del <strong>giardino di Villa Crastan<\/strong> in centro citt\u00e0 e dell\u2019<strong>anfiteatro all\u2019aperto del Teatro ERA<\/strong><\/p>\n<\/div><\/div><\/div><\/div><\/div><div class=\"w-separator size_medium\"><\/div><\/div><\/div><\/div><\/div><\/section><section class=\"l-section wpb_row us_custom_623ba360 violino height_large\"><div class=\"l-section-h i-cf\"><div class=\"g-cols vc_row via_grid cols_1 laptops-cols_inherit tablets-cols_inherit mobiles-cols_1 valign_top type_default stacking_default\"><div class=\"wpb_column vc_column_container\"><div class=\"vc_column-inner\"><div class=\"g-cols wpb_row via_grid cols_2 laptops-cols_inherit tablets-cols_inherit mobiles-cols_1 valign_top type_default stacking_default\" style=\"--gap:3rem;\"><div class=\"wpb_column vc_column_container\"><div class=\"vc_column-inner\"><h2 class=\"w-text us_custom_fe1d5bbb has_text_color\"><span class=\"w-text-h\"><span class=\"w-text-value\">Accademia<br \/>\nMusicale<br \/>\nPontedera<\/span><\/span><\/h2><\/div><\/div><div class=\"wpb_column vc_column_container\"><div class=\"vc_column-inner\"><div class=\"w-image align_right\"><div class=\"w-image-h\"><img decoding=\"async\" src=\"https:\/\/staging.pontederamusicfestival.it\/wp-content\/uploads\/2023\/05\/accademia-logo-white.svg\" class=\"attachment-full size-full\" alt=\"\" loading=\"lazy\" \/><\/div><\/div><\/div><\/div><\/div><div class=\"g-cols wpb_row via_grid cols_2 laptops-cols_inherit tablets-cols_inherit mobiles-cols_1 valign_top type_default stacking_default\" style=\"--gap:3rem;\"><div class=\"wpb_column vc_column_container\"><div class=\"vc_column-inner\"><div class=\"wpb_text_column us_custom_8b3d6790 has_text_color\"><div class=\"wpb_wrapper\"><p>L\u2019<strong>Accademia Musicale Pontedera<\/strong> \u00e8 un\u2019associazione di promozione sociale con personalit\u00e0 giuridica nata nel 2018 attraverso la fusione tramite atto notarile di due associazioni musicali preesistenti: l\u2019<strong>Accademia della Chitarra Stefano Tamburini Musica &amp; c.<\/strong> (fondata nel 2003) e l\u2019<strong>Accademia Musicale Toscana<\/strong> (fondata nel 1992), entrambe operanti sia sul versante della didattica musicale che su quello concertistico, alle quali, dal 2021, si \u00e8 unita la <strong>ians Musical Academy<\/strong>. Dal settembre dello stesso anno l\u2019Accademia ha sede presso l\u2019<strong>ex-Cinema Roma<\/strong>, struttura che l\u2019associazione ha completamente ristrutturato, dotandola di n. 17 aule completamente insonorizzate, n. 1 Auditorium acusticamente performante da n. 90 posti e n. 2 spazi per le prove di musica d\u2019insieme e orchestra. Attualmente conta <strong>700 allievi attivi<\/strong> in corsi rivolti a tutti gli strumenti e a tutte le et\u00e0, classico, moderno e jazz, con percorsi amatoriali e professionalizzanti facendo riferimento ai quadri generali e alle offerte formative delle Istituzioni AFAM di riferimento, con cui l\u2019Accademia ha da alcuni anni formalizzato una Conven zione scritta, sulla base di criteri di qualit\u00e0 certificati e riconosciuti, ovvero i Conservatori \u201cP. Mascagni\u201d di Livorno<\/p>\n<\/div><\/div><\/div><\/div><div class=\"wpb_column vc_column_container\"><div class=\"vc_column-inner\"><div class=\"wpb_text_column us_custom_8b3d6790 has_text_color\"><div class=\"wpb_wrapper\"><p>e \u201cL. Boccherini\u201d di Lucca, per la sezione moderna, con il C.P.M. Music Institute di Milano. \u00c8 attualmente in fase di perfezionamento la stipula della convenzione con l\u2019<strong>Accademia Nazionale del Jazz<\/strong> (Siena Jazz). Particolare attenzione \u00e8 stata dedicata alla <strong>musica d\u2019insieme<\/strong> ed <strong>inclusiva, corale<\/strong> (coro di voci bianche, degli allievi e degli adulti) e strumentale (orchestra per bambini, orchestra di sezione di strumenti, orchestra dell\u2019Accademia, ensemble di musica d\u2019insieme classica, moderna e jazz e big band). Sul versante artistico l\u2019Accademia organizza il <strong>Pontedera Music Festival<\/strong>, giunto nel 2023 alla quinta edizione, con oltre 20 appuntamenti annuali e che ha coinvolto artisti di livello internazionale (Chiara Morandi, Enea Leone, Julian Mazzariello, Enzo Pietropaolo, ORT &#8211; Orchestra Regionale Toscana, Cesare Chiacchieretta, Filippo Arlia, Mauro Grossi, Naomy Berril, Cameristi del Maggio Musicale Fiorentino, Emilio Aversano, Raiz &amp; Radicanto, Petra Magoni, , Gabriele Mirabassi, Ares Tavolazzi, Rita Marcotulli, Ensemble \u201cIl Rossignolo\u201d) assieme ai musicisti legati al territorio, in molti casi docenti dell\u2019Accademia. Direttore dell\u2019Accademia Musicale Pontedera \u00e8 <strong>Luigi Nannetti<\/strong>\u00a0<a style=\"color: white;\" href=\"http:\/\/www.ampontedera.it\">www.ampontedera.it<\/a><\/p>\n<\/div><\/div><\/div><\/div><\/div><div class=\"w-separator size_medium\"><\/div><div class=\"w-image align_none\"><div class=\"w-image-h\"><img decoding=\"async\" width=\"1513\" height=\"444\" src=\"https:\/\/staging.pontederamusicfestival.it\/wp-content\/uploads\/2023\/05\/img-02.png\" class=\"attachment-full size-full\" alt=\"\" loading=\"lazy\" srcset=\"https:\/\/staging.pontederamusicfestival.it\/wp-content\/uploads\/2023\/05\/img-02.png 1513w, https:\/\/staging.pontederamusicfestival.it\/wp-content\/uploads\/2023\/05\/img-02-300x88.png 300w, https:\/\/staging.pontederamusicfestival.it\/wp-content\/uploads\/2023\/05\/img-02-1024x300.png 1024w\" sizes=\"auto, (max-width: 1513px) 100vw, 1513px\" \/><\/div><\/div><\/div><\/div><\/div><\/div><\/section><section class=\"l-section wpb_row us_custom_623ba360 violino height_large\"><div class=\"l-section-h i-cf\"><div class=\"g-cols vc_row via_grid cols_1 laptops-cols_inherit tablets-cols_inherit mobiles-cols_1 valign_top type_default stacking_default\"><div class=\"wpb_column vc_column_container\"><div class=\"vc_column-inner\"><div class=\"g-cols wpb_row via_grid cols_2 laptops-cols_inherit tablets-cols_inherit mobiles-cols_1 valign_top type_default stacking_default\" style=\"--gap:3rem;\"><div class=\"wpb_column vc_column_container\"><div class=\"vc_column-inner\"><h2 class=\"w-text us_custom_fe1d5bbb has_text_color\"><span class=\"w-text-h\"><span class=\"w-text-value\">Fondazione<br \/>\nPiaggio<\/span><\/span><\/h2><\/div><\/div><div class=\"wpb_column vc_column_container\"><div class=\"vc_column-inner\"><div class=\"w-image align_right\"><div class=\"w-image-h\"><img decoding=\"async\" src=\"https:\/\/staging.pontederamusicfestival.it\/wp-content\/uploads\/2023\/05\/Fondazione-Piaggio.svg\" class=\"attachment-full size-full\" alt=\"\" loading=\"lazy\" \/><\/div><\/div><\/div><\/div><\/div><div class=\"g-cols wpb_row via_grid cols_2 laptops-cols_inherit tablets-cols_inherit mobiles-cols_1 valign_top type_default stacking_default\" style=\"--gap:3rem;\"><div class=\"wpb_column vc_column_container\"><div class=\"vc_column-inner\"><div class=\"wpb_text_column us_custom_8b3d6790 has_text_color\"><div class=\"wpb_wrapper\"><p>La Fondazione Piaggio onlus \u00e8 nata nel 1994 con la finalit\u00e0 di esaltare nelle sue attivit\u00e0 un virtuoso <strong>binomio tra impresa e cultura<\/strong>, sviluppando importanti sinergie con il territorio e con le sue eccellenze in campo culturale, artistico, scientifico, tecnologico, produttivo, turistico. Per raggiungere questo obiettivo organizza periodicamente <strong>esposizioni temporanee, convegni, incontri, dibattiti<\/strong> e <strong>spettacoli<\/strong>;<\/p>\n<\/div><\/div><\/div><\/div><div class=\"wpb_column vc_column_container\"><div class=\"vc_column-inner\"><div class=\"wpb_text_column us_custom_8b3d6790 has_text_color\"><div class=\"wpb_wrapper\"><p>promuove pubblicazioni dedicate a tematiche vicine ai propri scopi statutari (economia, lavoro, archeologia industriale, formazione, design, Made in Italy). Si occupa della gestione e della programmazione delle attivit\u00e0 del Museo e dell\u2019Archivio storico. I soci della Fondazione sono <strong>Piaggio &amp; C. S.p.A.<\/strong> e il <strong>Comune di Pontedera<\/strong>.<\/p>\n<\/div><\/div><\/div><\/div><\/div><div class=\"w-separator size_medium\"><\/div><div class=\"w-image align_none\"><div class=\"w-image-h\"><img decoding=\"async\" width=\"1772\" height=\"1181\" src=\"https:\/\/staging.pontederamusicfestival.it\/wp-content\/uploads\/2023\/06\/Panoram-Sala-Vespa-di-serie.jpg\" class=\"attachment-full size-full\" alt=\"\" loading=\"lazy\" srcset=\"https:\/\/staging.pontederamusicfestival.it\/wp-content\/uploads\/2023\/06\/Panoram-Sala-Vespa-di-serie.jpg 1772w, https:\/\/staging.pontederamusicfestival.it\/wp-content\/uploads\/2023\/06\/Panoram-Sala-Vespa-di-serie-300x200.jpg 300w, https:\/\/staging.pontederamusicfestival.it\/wp-content\/uploads\/2023\/06\/Panoram-Sala-Vespa-di-serie-1024x682.jpg 1024w\" sizes=\"auto, (max-width: 1772px) 100vw, 1772px\" \/><\/div><\/div><\/div><\/div><\/div><\/div><\/section>\n","protected":false},"excerpt":{"rendered":"accesso alla biglietteriaChi Siamo.Il Pontedera Music Festival nasce nel 2019 grazie ad una importante sinergia tra la Fondazione Piaggio e l\u2019Accademia Musicale Pontedera: due importanti realt\u00e0 culturali che offrono alla citt\u00e0 di Pontedera e alla Valdera eventi, concerti e manifestazioni imprescindibili per il pubblico locale nonch\u00e9 per il turismo proveniente da ogni parte del mondo....","protected":false},"author":1,"featured_media":573,"parent":0,"menu_order":0,"comment_status":"closed","ping_status":"closed","template":"","meta":{"_acf_changed":false,"inline_featured_image":false,"footnotes":""},"class_list":["post-419","page","type-page","status-publish","has-post-thumbnail","hentry"],"acf":[],"yoast_head":"<!-- This site is optimized with the Yoast SEO plugin v22.3 - https:\/\/yoast.com\/wordpress\/plugins\/seo\/ -->\n<title>Accademia e Piaggio - Pontedera Music Festival<\/title>\n<meta name=\"robots\" content=\"index, follow, max-snippet:-1, max-image-preview:large, max-video-preview:-1\" \/>\n<link rel=\"canonical\" href=\"https:\/\/staging.pontederamusicfestival.it\/?page_id=419\" \/>\n<meta property=\"og:locale\" content=\"it_IT\" \/>\n<meta property=\"og:type\" content=\"article\" \/>\n<meta property=\"og:title\" content=\"Accademia e Piaggio - Pontedera Music Festival\" \/>\n<meta property=\"og:url\" content=\"https:\/\/staging.pontederamusicfestival.it\/?page_id=419\" \/>\n<meta property=\"og:site_name\" content=\"Pontedera Music Festival\" \/>\n<meta property=\"article:modified_time\" content=\"2023-07-05T08:44:34+00:00\" \/>\n<meta property=\"og:image\" content=\"https:\/\/staging.pontederamusicfestival.it\/wp-content\/uploads\/2023\/07\/IMG_20230610_220444.jpg\" \/>\n\t<meta property=\"og:image:width\" content=\"1200\" \/>\n\t<meta property=\"og:image:height\" content=\"900\" \/>\n\t<meta property=\"og:image:type\" content=\"image\/jpeg\" \/>\n<meta name=\"twitter:card\" content=\"summary_large_image\" \/>\n<meta name=\"twitter:label1\" content=\"Tempo di lettura stimato\" \/>\n\t<meta name=\"twitter:data1\" content=\"4 minuti\" \/>\n<script type=\"application\/ld+json\" class=\"yoast-schema-graph\">{\"@context\":\"https:\/\/schema.org\",\"@graph\":[{\"@type\":\"WebPage\",\"@id\":\"https:\/\/staging.pontederamusicfestival.it\/?page_id=419\",\"url\":\"https:\/\/staging.pontederamusicfestival.it\/?page_id=419\",\"name\":\"Accademia e Piaggio - Pontedera Music Festival\",\"isPartOf\":{\"@id\":\"https:\/\/staging.pontederamusicfestival.it\/#website\"},\"primaryImageOfPage\":{\"@id\":\"https:\/\/staging.pontederamusicfestival.it\/?page_id=419#primaryimage\"},\"image\":{\"@id\":\"https:\/\/staging.pontederamusicfestival.it\/?page_id=419#primaryimage\"},\"thumbnailUrl\":\"https:\/\/staging.pontederamusicfestival.it\/wp-content\/uploads\/2023\/07\/IMG_20230610_220444.jpg\",\"datePublished\":\"2023-05-05T08:16:20+00:00\",\"dateModified\":\"2023-07-05T08:44:34+00:00\",\"breadcrumb\":{\"@id\":\"https:\/\/staging.pontederamusicfestival.it\/?page_id=419#breadcrumb\"},\"inLanguage\":\"it-IT\",\"potentialAction\":[{\"@type\":\"ReadAction\",\"target\":[\"https:\/\/staging.pontederamusicfestival.it\/?page_id=419\"]}]},{\"@type\":\"ImageObject\",\"inLanguage\":\"it-IT\",\"@id\":\"https:\/\/staging.pontederamusicfestival.it\/?page_id=419#primaryimage\",\"url\":\"https:\/\/staging.pontederamusicfestival.it\/wp-content\/uploads\/2023\/07\/IMG_20230610_220444.jpg\",\"contentUrl\":\"https:\/\/staging.pontederamusicfestival.it\/wp-content\/uploads\/2023\/07\/IMG_20230610_220444.jpg\",\"width\":1200,\"height\":900},{\"@type\":\"BreadcrumbList\",\"@id\":\"https:\/\/staging.pontederamusicfestival.it\/?page_id=419#breadcrumb\",\"itemListElement\":[{\"@type\":\"ListItem\",\"position\":1,\"name\":\"Home\",\"item\":\"https:\/\/staging.pontederamusicfestival.it\/\"},{\"@type\":\"ListItem\",\"position\":2,\"name\":\"Accademia e Piaggio\"}]},{\"@type\":\"WebSite\",\"@id\":\"https:\/\/staging.pontederamusicfestival.it\/#website\",\"url\":\"https:\/\/staging.pontederamusicfestival.it\/\",\"name\":\"Pontedera Music Festival\",\"description\":\"Pontedera Music Festival\",\"publisher\":{\"@id\":\"https:\/\/staging.pontederamusicfestival.it\/#organization\"},\"potentialAction\":[{\"@type\":\"SearchAction\",\"target\":{\"@type\":\"EntryPoint\",\"urlTemplate\":\"https:\/\/staging.pontederamusicfestival.it\/?s={search_term_string}\"},\"query-input\":\"required name=search_term_string\"}],\"inLanguage\":\"it-IT\"},{\"@type\":\"Organization\",\"@id\":\"https:\/\/staging.pontederamusicfestival.it\/#organization\",\"name\":\"Pontedera Music Festival\",\"url\":\"https:\/\/staging.pontederamusicfestival.it\/\",\"logo\":{\"@type\":\"ImageObject\",\"inLanguage\":\"it-IT\",\"@id\":\"https:\/\/staging.pontederamusicfestival.it\/#\/schema\/logo\/image\/\",\"url\":\"https:\/\/staging.pontederamusicfestival.it\/wp-content\/uploads\/2023\/01\/PMF-2023_LOGO.png\",\"contentUrl\":\"https:\/\/staging.pontederamusicfestival.it\/wp-content\/uploads\/2023\/01\/PMF-2023_LOGO.png\",\"width\":1173,\"height\":804,\"caption\":\"Pontedera Music Festival\"},\"image\":{\"@id\":\"https:\/\/staging.pontederamusicfestival.it\/#\/schema\/logo\/image\/\"}}]}<\/script>\n<!-- \/ Yoast SEO plugin. -->","yoast_head_json":{"title":"Accademia e Piaggio - Pontedera Music Festival","robots":{"index":"index","follow":"follow","max-snippet":"max-snippet:-1","max-image-preview":"max-image-preview:large","max-video-preview":"max-video-preview:-1"},"canonical":"https:\/\/staging.pontederamusicfestival.it\/?page_id=419","og_locale":"it_IT","og_type":"article","og_title":"Accademia e Piaggio - Pontedera Music Festival","og_url":"https:\/\/staging.pontederamusicfestival.it\/?page_id=419","og_site_name":"Pontedera Music Festival","article_modified_time":"2023-07-05T08:44:34+00:00","og_image":[{"width":1200,"height":900,"url":"https:\/\/staging.pontederamusicfestival.it\/wp-content\/uploads\/2023\/07\/IMG_20230610_220444.jpg","type":"image\/jpeg"}],"twitter_card":"summary_large_image","twitter_misc":{"Tempo di lettura stimato":"4 minuti"},"schema":{"@context":"https:\/\/schema.org","@graph":[{"@type":"WebPage","@id":"https:\/\/staging.pontederamusicfestival.it\/?page_id=419","url":"https:\/\/staging.pontederamusicfestival.it\/?page_id=419","name":"Accademia e Piaggio - Pontedera Music Festival","isPartOf":{"@id":"https:\/\/staging.pontederamusicfestival.it\/#website"},"primaryImageOfPage":{"@id":"https:\/\/staging.pontederamusicfestival.it\/?page_id=419#primaryimage"},"image":{"@id":"https:\/\/staging.pontederamusicfestival.it\/?page_id=419#primaryimage"},"thumbnailUrl":"https:\/\/staging.pontederamusicfestival.it\/wp-content\/uploads\/2023\/07\/IMG_20230610_220444.jpg","datePublished":"2023-05-05T08:16:20+00:00","dateModified":"2023-07-05T08:44:34+00:00","breadcrumb":{"@id":"https:\/\/staging.pontederamusicfestival.it\/?page_id=419#breadcrumb"},"inLanguage":"it-IT","potentialAction":[{"@type":"ReadAction","target":["https:\/\/staging.pontederamusicfestival.it\/?page_id=419"]}]},{"@type":"ImageObject","inLanguage":"it-IT","@id":"https:\/\/staging.pontederamusicfestival.it\/?page_id=419#primaryimage","url":"https:\/\/staging.pontederamusicfestival.it\/wp-content\/uploads\/2023\/07\/IMG_20230610_220444.jpg","contentUrl":"https:\/\/staging.pontederamusicfestival.it\/wp-content\/uploads\/2023\/07\/IMG_20230610_220444.jpg","width":1200,"height":900},{"@type":"BreadcrumbList","@id":"https:\/\/staging.pontederamusicfestival.it\/?page_id=419#breadcrumb","itemListElement":[{"@type":"ListItem","position":1,"name":"Home","item":"https:\/\/staging.pontederamusicfestival.it\/"},{"@type":"ListItem","position":2,"name":"Accademia e Piaggio"}]},{"@type":"WebSite","@id":"https:\/\/staging.pontederamusicfestival.it\/#website","url":"https:\/\/staging.pontederamusicfestival.it\/","name":"Pontedera Music Festival","description":"Pontedera Music Festival","publisher":{"@id":"https:\/\/staging.pontederamusicfestival.it\/#organization"},"potentialAction":[{"@type":"SearchAction","target":{"@type":"EntryPoint","urlTemplate":"https:\/\/staging.pontederamusicfestival.it\/?s={search_term_string}"},"query-input":"required name=search_term_string"}],"inLanguage":"it-IT"},{"@type":"Organization","@id":"https:\/\/staging.pontederamusicfestival.it\/#organization","name":"Pontedera Music Festival","url":"https:\/\/staging.pontederamusicfestival.it\/","logo":{"@type":"ImageObject","inLanguage":"it-IT","@id":"https:\/\/staging.pontederamusicfestival.it\/#\/schema\/logo\/image\/","url":"https:\/\/staging.pontederamusicfestival.it\/wp-content\/uploads\/2023\/01\/PMF-2023_LOGO.png","contentUrl":"https:\/\/staging.pontederamusicfestival.it\/wp-content\/uploads\/2023\/01\/PMF-2023_LOGO.png","width":1173,"height":804,"caption":"Pontedera Music Festival"},"image":{"@id":"https:\/\/staging.pontederamusicfestival.it\/#\/schema\/logo\/image\/"}}]}},"_links":{"self":[{"href":"https:\/\/staging.pontederamusicfestival.it\/index.php?rest_route=\/wp\/v2\/pages\/419","targetHints":{"allow":["GET"]}}],"collection":[{"href":"https:\/\/staging.pontederamusicfestival.it\/index.php?rest_route=\/wp\/v2\/pages"}],"about":[{"href":"https:\/\/staging.pontederamusicfestival.it\/index.php?rest_route=\/wp\/v2\/types\/page"}],"author":[{"embeddable":true,"href":"https:\/\/staging.pontederamusicfestival.it\/index.php?rest_route=\/wp\/v2\/users\/1"}],"replies":[{"embeddable":true,"href":"https:\/\/staging.pontederamusicfestival.it\/index.php?rest_route=%2Fwp%2Fv2%2Fcomments&post=419"}],"version-history":[{"count":0,"href":"https:\/\/staging.pontederamusicfestival.it\/index.php?rest_route=\/wp\/v2\/pages\/419\/revisions"}],"wp:featuredmedia":[{"embeddable":true,"href":"https:\/\/staging.pontederamusicfestival.it\/index.php?rest_route=\/wp\/v2\/media\/573"}],"wp:attachment":[{"href":"https:\/\/staging.pontederamusicfestival.it\/index.php?rest_route=%2Fwp%2Fv2%2Fmedia&parent=419"}],"curies":[{"name":"wp","href":"https:\/\/api.w.org\/{rel}","templated":true}]}}