{"id":166,"date":"2023-04-21T10:42:17","date_gmt":"2023-04-21T08:42:17","guid":{"rendered":"https:\/\/staging.pontederamusicfestival.it\/?page_id=166"},"modified":"2023-12-01T12:25:27","modified_gmt":"2023-12-01T11:25:27","slug":"formazione-territorio","status":"publish","type":"page","link":"https:\/\/staging.pontederamusicfestival.it\/?page_id=166","title":{"rendered":"formazione &#038; territorio"},"content":{"rendered":"<section class=\"l-section wpb_row us_custom_623ba360 height_auto width_full\"><div class=\"l-section-h i-cf\"><div class=\"g-cols vc_row via_grid cols_1 laptops-cols_inherit tablets-cols_inherit mobiles-cols_1 valign_top type_default stacking_default\"><div class=\"wpb_column vc_column_container\"><div class=\"vc_column-inner\"><div class=\"w-hwrapper us_custom_de808277 valign_middle align_right\" style=\"--hwrapper-gap:0.6rem\"><div class=\"w-text us_custom_a787d9f7 has_text_color\"><span class=\"w-text-h\"><span class=\"w-text-value\">accesso alla biglietteria<\/span><\/span><\/div><div class=\"w-image us_custom_afbb72a9 align_none\"><div class=\"w-image-h\"><img decoding=\"async\" src=\"https:\/\/staging.pontederamusicfestival.it\/wp-content\/uploads\/2023\/04\/ticket-icon.svg\" class=\"attachment-full size-full\" alt=\"\" loading=\"lazy\" \/><\/div><\/div><\/div><\/div><\/div><\/div><\/div><\/section><section class=\"l-section wpb_row us_custom_9c84a8f6 height_huge\"><div class=\"l-section-h i-cf\"><div class=\"g-cols vc_row via_grid cols_1 laptops-cols_inherit tablets-cols_inherit mobiles-cols_1 valign_top type_default stacking_default\"><div class=\"wpb_column vc_column_container\"><div class=\"vc_column-inner\"><\/div><\/div><\/div><\/div><\/section><section class=\"l-section wpb_row us_custom_bbb13b31 violino height_large\"><div class=\"l-section-h i-cf\"><div class=\"g-cols vc_row via_grid cols_1 laptops-cols_inherit tablets-cols_inherit mobiles-cols_1 valign_top type_default stacking_default\"><div class=\"wpb_column vc_column_container\"><div class=\"vc_column-inner\"><h1 class=\"w-text us_custom_c3362d54 has_text_color\"><span class=\"w-text-h\"><span class=\"w-text-value\">Formazione &amp; Territorio.<\/span><\/span><\/h1><div class=\"wpb_text_column us_custom_d52663fb\"><div class=\"wpb_wrapper\"><p>Da anni ormai il Pontedera Music Festival collabora con Enti e scuole del territorio per lo svolgimento di attivit\u00e0 didattiche per bambini, ragazzi e adulti. Scopri lo storico delle nostre attivit\u00e0 e le attivit\u00e0 in corso!<\/p>\n<\/div><\/div><\/div><\/div><\/div><\/div><\/section><section class=\"l-section wpb_row us_custom_057801f8 violino2 height_large\"><div class=\"l-section-h i-cf\"><div class=\"g-cols vc_row via_grid cols_2 laptops-cols_inherit tablets-cols_inherit mobiles-cols_1 valign_top type_default stacking_default\"><div class=\"wpb_column vc_column_container\"><div class=\"vc_column-inner\"><div class=\"w-image formazione align_none\"><div class=\"w-image-h\"><img decoding=\"async\" width=\"724\" height=\"1024\" src=\"https:\/\/staging.pontederamusicfestival.it\/wp-content\/uploads\/2023\/05\/Progetto-The-Sound-of-Music-724x1024.png\" class=\"attachment-large size-large\" alt=\"\" loading=\"lazy\" srcset=\"https:\/\/staging.pontederamusicfestival.it\/wp-content\/uploads\/2023\/05\/Progetto-The-Sound-of-Music-724x1024.png 724w, https:\/\/staging.pontederamusicfestival.it\/wp-content\/uploads\/2023\/05\/Progetto-The-Sound-of-Music-212x300.png 212w\" sizes=\"auto, (max-width: 724px) 100vw, 724px\" \/><\/div><\/div><\/div><\/div><div class=\"wpb_column vc_column_container\"><div class=\"vc_column-inner\"><h2 class=\"w-text us_custom_fe1d5bbb has_text_color\"><span class=\"w-text-h\"><span class=\"w-text-value\">Scopri il progetto<br \/>\n&#8220;Musica inclusiva: (r)accordarsi per il futuro&#8221;<\/span><\/span><\/h2><div class=\"w-text us_custom_d59ca03a\"><span class=\"w-text-h\"><span class=\"w-text-value\">In collaborazione con il CRED &#8211; Centro Risorse Educative e Didattiche<\/span><\/span><\/div><div class=\"w-separator size_medium\"><\/div><div class=\"wpb_text_column us_custom_d52663fb\"><div class=\"wpb_wrapper\"><p>Pontedera Music Festival collabora con le <strong>Scuole Secondarie di Secondo Grado<\/strong> di Pontedera nella realizzazione di lezioni introduttive svolte direttamente a scuola nelle settimane precedenti alcuni appuntamenti concertistici del festival.<br \/>\nGli studenti ricevono materiali introduttivi, suggerimenti e indicazioni per un <strong>ascolto attivo e consapevole dei concerti<\/strong> e, in seguito, hanno la possibilit\u00e0 di partecipare gratuitamente al relativo concerto. Per alcuni appuntamenti gli artisti musicisti, protagonisti del concerto, nei giorni successivi tornano nelle medesime classi, al fine di promuovere una discussione sulle sensazioni e sull\u2019esperienza esperita dagli studenti.<\/p>\n<\/div><\/div><\/div><\/div><\/div><\/div><\/section><section class=\"l-section wpb_row us_custom_057801f8 height_large\"><div class=\"l-section-h i-cf\"><div class=\"g-cols vc_row via_grid cols_2 laptops-cols_inherit tablets-cols_inherit mobiles-cols_1 valign_top type_default stacking_default\"><div class=\"wpb_column vc_column_container\"><div class=\"vc_column-inner\"><div class=\"w-image formazione align_none\"><div class=\"w-image-h\"><img decoding=\"async\" width=\"724\" height=\"1024\" src=\"https:\/\/staging.pontederamusicfestival.it\/wp-content\/uploads\/2023\/05\/letture-musicali-completo_DEF-1-724x1024.png\" class=\"attachment-large size-large\" alt=\"\" loading=\"lazy\" srcset=\"https:\/\/staging.pontederamusicfestival.it\/wp-content\/uploads\/2023\/05\/letture-musicali-completo_DEF-1-724x1024.png 724w, https:\/\/staging.pontederamusicfestival.it\/wp-content\/uploads\/2023\/05\/letture-musicali-completo_DEF-1-212x300.png 212w, https:\/\/staging.pontederamusicfestival.it\/wp-content\/uploads\/2023\/05\/letture-musicali-completo_DEF-1.png 1655w\" sizes=\"auto, (max-width: 724px) 100vw, 724px\" \/><\/div><\/div><\/div><\/div><div class=\"wpb_column vc_column_container\"><div class=\"vc_column-inner\"><h2 class=\"w-text us_custom_fe1d5bbb has_text_color\"><span class=\"w-text-h\"><span class=\"w-text-value\">Letture Musicali<br \/>\nin Biblioteca<\/span><\/span><\/h2><div class=\"w-text us_custom_d59ca03a\"><span class=\"w-text-h\"><span class=\"w-text-value\">In collaborazione con la Biblioteca &#8220;G. Gronchi&#8221; di Pontedera<\/span><\/span><\/div><div class=\"w-separator size_medium\"><\/div><div class=\"wpb_text_column us_custom_d52663fb\"><div class=\"wpb_wrapper\"><p>Quattro pomeriggi in occasione di altrettanti concerti serali del cartellone, con una formula totalmente nuova aperta a tutta la famiglia, a partire dalle ore 17.00:<br \/>\n1. <strong>introduzione<\/strong> alle musiche in cartellone del concerto serale per gli adulti, nell\u2019Auditorium della Biblioteca<br \/>\n2. <strong>letture musicali animate<\/strong> &#8211; legate ai temi del concerto &#8211; per i bambini dai 5 ai 10 anni, nella Biblioteca dei Ragazzi.<\/p>\n<p>Dei bellissimi pomeriggio da passare insieme ai propri figli, ai loro amici, per assaporare meglio il concerto in cartellone, far partecipare i bambini ad una lettura coinvolgente legata ai concerti e poterne parlare, a sera, insieme!<\/p>\n<p><strong>Ingresso gratuito, \u00e8 gradita la prenotazione:<\/strong><br \/>\n<a style=\"color: black;\" href=\"tel:0587299518\">0587.299518<\/a> | <a style=\"color: black;\" href=\"mailto:bibliotecaragazzi@comune.pontedera.pi.it\">bibliotecaragazzi@comune.pontedera.pi.it<\/a><br \/>\nL\u2019attivit\u00e0 \u00e8 sostenuta grazie al progetto MusicaInclusiva:(r)accordarsi per il futuro, con in contributo e il sostegno dell\u2019Amministrazione Comunale di Pontedera e la Fondazione Pisa.<\/p>\n<\/div><\/div><\/div><\/div><\/div><\/div><\/section><section class=\"l-section wpb_row us_custom_057801f8 height_large\"><div class=\"l-section-h i-cf\"><div class=\"g-cols vc_row via_grid cols_2 laptops-cols_inherit tablets-cols_inherit mobiles-cols_1 valign_top type_default stacking_default\"><div class=\"wpb_column vc_column_container\"><div class=\"vc_column-inner\"><div class=\"w-image formazione align_none\"><div class=\"w-image-h\"><img decoding=\"async\" width=\"724\" height=\"1024\" src=\"https:\/\/staging.pontederamusicfestival.it\/wp-content\/uploads\/2023\/05\/PMF-Intro-Soci-Coop-724x1024.png\" class=\"attachment-large size-large\" alt=\"\" loading=\"lazy\" srcset=\"https:\/\/staging.pontederamusicfestival.it\/wp-content\/uploads\/2023\/05\/PMF-Intro-Soci-Coop-724x1024.png 724w, https:\/\/staging.pontederamusicfestival.it\/wp-content\/uploads\/2023\/05\/PMF-Intro-Soci-Coop-212x300.png 212w, https:\/\/staging.pontederamusicfestival.it\/wp-content\/uploads\/2023\/05\/PMF-Intro-Soci-Coop.png 1165w\" sizes=\"auto, (max-width: 724px) 100vw, 724px\" \/><\/div><\/div><\/div><\/div><div class=\"wpb_column vc_column_container\"><div class=\"vc_column-inner\"><h2 class=\"w-text us_custom_fe1d5bbb has_text_color\"><span class=\"w-text-h\"><span class=\"w-text-value\">Introduzione<br \/>\nai Concerti<\/span><\/span><\/h2><div class=\"w-text us_custom_d59ca03a\"><span class=\"w-text-h\"><span class=\"w-text-value\">in collaborazione con la Sezione Soci Coop Valdera<\/span><\/span><\/div><div class=\"w-separator size_medium\"><\/div><div class=\"wpb_text_column us_custom_d52663fb\"><div class=\"wpb_wrapper\"><p>Incontri di introduzione all\u2019ascolto dei concerti del cartellone svolti in collaborazione con la Sezione Soci Valdera Coop.<\/p>\n<p>Il progetto prevede:<br \/>\n<strong>1.<\/strong> lezione introduttiva presso la Biblioteca \u201cG. Gronchi\u201d di Pontedera<br \/>\n<strong>2<\/strong>. cena a prezzo convenzionato presso ristoranti limitrofi al concerto<br \/>\n<strong>3.<\/strong> partecipazione ai concerti, con posti riservati in prima fila per gli aderenti al progetto<\/p>\n<\/div><\/div><\/div><\/div><\/div><\/div><\/section>\n","protected":false},"excerpt":{"rendered":"accesso alla biglietteriaFormazione &amp; Territorio.Da anni ormai il Pontedera Music Festival collabora con Enti e scuole del territorio per lo svolgimento di attivit\u00e0 didattiche per bambini, ragazzi e adulti. Scopri lo storico delle nostre attivit\u00e0 e le attivit\u00e0 in corso! Scopri il progetto &#8220;Musica inclusiva: (r)accordarsi per il futuro&#8221;In collaborazione con il CRED &#8211; Centro...","protected":false},"author":1,"featured_media":0,"parent":0,"menu_order":0,"comment_status":"closed","ping_status":"closed","template":"","meta":{"_acf_changed":false,"inline_featured_image":false,"footnotes":""},"class_list":["post-166","page","type-page","status-publish","hentry"],"acf":[],"yoast_head":"<!-- This site is optimized with the Yoast SEO plugin v22.3 - https:\/\/yoast.com\/wordpress\/plugins\/seo\/ -->\n<title>formazione &amp; territorio - Pontedera Music Festival<\/title>\n<meta name=\"robots\" content=\"index, follow, max-snippet:-1, max-image-preview:large, max-video-preview:-1\" \/>\n<link rel=\"canonical\" href=\"https:\/\/staging.pontederamusicfestival.it\/?page_id=166\" \/>\n<meta property=\"og:locale\" content=\"it_IT\" \/>\n<meta property=\"og:type\" content=\"article\" \/>\n<meta property=\"og:title\" content=\"formazione &amp; territorio - Pontedera Music Festival\" \/>\n<meta property=\"og:url\" content=\"https:\/\/staging.pontederamusicfestival.it\/?page_id=166\" \/>\n<meta property=\"og:site_name\" content=\"Pontedera Music Festival\" \/>\n<meta property=\"article:modified_time\" content=\"2023-12-01T11:25:27+00:00\" \/>\n<meta name=\"twitter:card\" content=\"summary_large_image\" \/>\n<meta name=\"twitter:label1\" content=\"Tempo di lettura stimato\" \/>\n\t<meta name=\"twitter:data1\" content=\"3 minuti\" \/>\n<script type=\"application\/ld+json\" class=\"yoast-schema-graph\">{\"@context\":\"https:\/\/schema.org\",\"@graph\":[{\"@type\":\"WebPage\",\"@id\":\"https:\/\/staging.pontederamusicfestival.it\/?page_id=166\",\"url\":\"https:\/\/staging.pontederamusicfestival.it\/?page_id=166\",\"name\":\"formazione & territorio - Pontedera Music Festival\",\"isPartOf\":{\"@id\":\"https:\/\/staging.pontederamusicfestival.it\/#website\"},\"datePublished\":\"2023-04-21T08:42:17+00:00\",\"dateModified\":\"2023-12-01T11:25:27+00:00\",\"breadcrumb\":{\"@id\":\"https:\/\/staging.pontederamusicfestival.it\/?page_id=166#breadcrumb\"},\"inLanguage\":\"it-IT\",\"potentialAction\":[{\"@type\":\"ReadAction\",\"target\":[\"https:\/\/staging.pontederamusicfestival.it\/?page_id=166\"]}]},{\"@type\":\"BreadcrumbList\",\"@id\":\"https:\/\/staging.pontederamusicfestival.it\/?page_id=166#breadcrumb\",\"itemListElement\":[{\"@type\":\"ListItem\",\"position\":1,\"name\":\"Home\",\"item\":\"https:\/\/staging.pontederamusicfestival.it\/\"},{\"@type\":\"ListItem\",\"position\":2,\"name\":\"formazione &#038; territorio\"}]},{\"@type\":\"WebSite\",\"@id\":\"https:\/\/staging.pontederamusicfestival.it\/#website\",\"url\":\"https:\/\/staging.pontederamusicfestival.it\/\",\"name\":\"Pontedera Music Festival\",\"description\":\"Pontedera Music Festival\",\"publisher\":{\"@id\":\"https:\/\/staging.pontederamusicfestival.it\/#organization\"},\"potentialAction\":[{\"@type\":\"SearchAction\",\"target\":{\"@type\":\"EntryPoint\",\"urlTemplate\":\"https:\/\/staging.pontederamusicfestival.it\/?s={search_term_string}\"},\"query-input\":\"required name=search_term_string\"}],\"inLanguage\":\"it-IT\"},{\"@type\":\"Organization\",\"@id\":\"https:\/\/staging.pontederamusicfestival.it\/#organization\",\"name\":\"Pontedera Music Festival\",\"url\":\"https:\/\/staging.pontederamusicfestival.it\/\",\"logo\":{\"@type\":\"ImageObject\",\"inLanguage\":\"it-IT\",\"@id\":\"https:\/\/staging.pontederamusicfestival.it\/#\/schema\/logo\/image\/\",\"url\":\"https:\/\/staging.pontederamusicfestival.it\/wp-content\/uploads\/2023\/01\/PMF-2023_LOGO.png\",\"contentUrl\":\"https:\/\/staging.pontederamusicfestival.it\/wp-content\/uploads\/2023\/01\/PMF-2023_LOGO.png\",\"width\":1173,\"height\":804,\"caption\":\"Pontedera Music Festival\"},\"image\":{\"@id\":\"https:\/\/staging.pontederamusicfestival.it\/#\/schema\/logo\/image\/\"}}]}<\/script>\n<!-- \/ Yoast SEO plugin. -->","yoast_head_json":{"title":"formazione & territorio - Pontedera Music Festival","robots":{"index":"index","follow":"follow","max-snippet":"max-snippet:-1","max-image-preview":"max-image-preview:large","max-video-preview":"max-video-preview:-1"},"canonical":"https:\/\/staging.pontederamusicfestival.it\/?page_id=166","og_locale":"it_IT","og_type":"article","og_title":"formazione & territorio - Pontedera Music Festival","og_url":"https:\/\/staging.pontederamusicfestival.it\/?page_id=166","og_site_name":"Pontedera Music Festival","article_modified_time":"2023-12-01T11:25:27+00:00","twitter_card":"summary_large_image","twitter_misc":{"Tempo di lettura stimato":"3 minuti"},"schema":{"@context":"https:\/\/schema.org","@graph":[{"@type":"WebPage","@id":"https:\/\/staging.pontederamusicfestival.it\/?page_id=166","url":"https:\/\/staging.pontederamusicfestival.it\/?page_id=166","name":"formazione & territorio - Pontedera Music Festival","isPartOf":{"@id":"https:\/\/staging.pontederamusicfestival.it\/#website"},"datePublished":"2023-04-21T08:42:17+00:00","dateModified":"2023-12-01T11:25:27+00:00","breadcrumb":{"@id":"https:\/\/staging.pontederamusicfestival.it\/?page_id=166#breadcrumb"},"inLanguage":"it-IT","potentialAction":[{"@type":"ReadAction","target":["https:\/\/staging.pontederamusicfestival.it\/?page_id=166"]}]},{"@type":"BreadcrumbList","@id":"https:\/\/staging.pontederamusicfestival.it\/?page_id=166#breadcrumb","itemListElement":[{"@type":"ListItem","position":1,"name":"Home","item":"https:\/\/staging.pontederamusicfestival.it\/"},{"@type":"ListItem","position":2,"name":"formazione &#038; territorio"}]},{"@type":"WebSite","@id":"https:\/\/staging.pontederamusicfestival.it\/#website","url":"https:\/\/staging.pontederamusicfestival.it\/","name":"Pontedera Music Festival","description":"Pontedera Music Festival","publisher":{"@id":"https:\/\/staging.pontederamusicfestival.it\/#organization"},"potentialAction":[{"@type":"SearchAction","target":{"@type":"EntryPoint","urlTemplate":"https:\/\/staging.pontederamusicfestival.it\/?s={search_term_string}"},"query-input":"required name=search_term_string"}],"inLanguage":"it-IT"},{"@type":"Organization","@id":"https:\/\/staging.pontederamusicfestival.it\/#organization","name":"Pontedera Music Festival","url":"https:\/\/staging.pontederamusicfestival.it\/","logo":{"@type":"ImageObject","inLanguage":"it-IT","@id":"https:\/\/staging.pontederamusicfestival.it\/#\/schema\/logo\/image\/","url":"https:\/\/staging.pontederamusicfestival.it\/wp-content\/uploads\/2023\/01\/PMF-2023_LOGO.png","contentUrl":"https:\/\/staging.pontederamusicfestival.it\/wp-content\/uploads\/2023\/01\/PMF-2023_LOGO.png","width":1173,"height":804,"caption":"Pontedera Music Festival"},"image":{"@id":"https:\/\/staging.pontederamusicfestival.it\/#\/schema\/logo\/image\/"}}]}},"_links":{"self":[{"href":"https:\/\/staging.pontederamusicfestival.it\/index.php?rest_route=\/wp\/v2\/pages\/166","targetHints":{"allow":["GET"]}}],"collection":[{"href":"https:\/\/staging.pontederamusicfestival.it\/index.php?rest_route=\/wp\/v2\/pages"}],"about":[{"href":"https:\/\/staging.pontederamusicfestival.it\/index.php?rest_route=\/wp\/v2\/types\/page"}],"author":[{"embeddable":true,"href":"https:\/\/staging.pontederamusicfestival.it\/index.php?rest_route=\/wp\/v2\/users\/1"}],"replies":[{"embeddable":true,"href":"https:\/\/staging.pontederamusicfestival.it\/index.php?rest_route=%2Fwp%2Fv2%2Fcomments&post=166"}],"version-history":[{"count":0,"href":"https:\/\/staging.pontederamusicfestival.it\/index.php?rest_route=\/wp\/v2\/pages\/166\/revisions"}],"wp:attachment":[{"href":"https:\/\/staging.pontederamusicfestival.it\/index.php?rest_route=%2Fwp%2Fv2%2Fmedia&parent=166"}],"curies":[{"name":"wp","href":"https:\/\/api.w.org\/{rel}","templated":true}]}}